{"id":129,"date":"2020-08-23T15:02:42","date_gmt":"2020-08-23T13:02:42","guid":{"rendered":"https:\/\/comtec1.de\/es\/?page_id=129"},"modified":"2020-09-17T16:45:14","modified_gmt":"2020-09-17T14:45:14","slug":"historia","status":"publish","type":"page","link":"https:\/\/comtec1.de\/es\/historia\/","title":{"rendered":"Historia"},"content":{"rendered":"\n<div class=\"gb-container gb-container-43ecf078 alignfull\"><div class=\"gb-inside-container\">\n<h2 class=\"gb-headline gb-headline-1a5cae3a  animated fadeInLeft duration5\">Acerca de nosotros<\/h2>\n\n\n\n<div class=\"gb-button-wrapper gb-button-wrapper-d915913a\">\n<a class=\"gb-button gb-button-64e06ec4  animated fadeInLeft duration5\" href=\" +49 421 565 430\" target=\"_blank\" rel=\"nofollow noopener noreferrer sponsored\"><span class=\"gb-icon\"><svg aria-hidden=\"true\" height=\"1em\" width=\"1em\" viewBox=\"0 0 512 512\" xmlns=\"http:\/\/www.w3.org\/2000\/svg\"><path fill=\"currentColor\" d=\"M493.4 24.6l-104-24c-11.3-2.6-22.9 3.3-27.5 13.9l-48 112c-4.2 9.8-1.4 21.3 6.9 28l60.6 49.6c-36 76.7-98.9 140.5-177.2 177.2l-49.6-60.6c-6.8-8.3-18.2-11.1-28-6.9l-112 48C3.9 366.5-2 378.1.6 389.4l24 104C27.1 504.2 36.7 512 48 512c256.1 0 464-207.5 464-464 0-11.2-7.7-20.9-18.6-23.4z\"><\/path><\/svg><\/span><span class=\"button-text\">+49 421 565 430<\/span><\/a>\n<\/div>\n<\/div><\/div>\n\n\n\n<p>La empresa, con sede en Stuhr cerca de Bremen, se fund\u00f3 el 26 de junio de 1975 y desde entonces produce y distribuye accesorios de cableado y telecomunicaciones.<\/p>\n\n\n\n<p>Comtec GmbH, originalmente una filial americana de Communication Technology Corporated, se independiz\u00f3 en el a\u00f1o 1986, convirti\u00e9ndose en una empresa alemana aut\u00f3noma que desde entonces opera con \u00e9xito a nivel internacional. Esto lo hacemos directamente o con nuestros socios comerciales locales.<\/p>\n\n\n\n<p>Nuestros clientes son operadores de red y sus proveedores, empresas de telecomunicaci\u00f3n, proveedores de energ\u00eda, empresas el\u00e9ctricas y mayoristas, as\u00ed como numerosas empresas locales relacionadas con la ampliaci\u00f3n y el mantenimiento de redes de telecomunicaciones.<\/p>\n\n\n\n<p>Desde hace a\u00f1os, mantenemos una estrecha relaci\u00f3n comercial de cooperaci\u00f3n con gran parte de nuestros clientes. La satisfacci\u00f3n del cliente ha sido y es un principio empresarial de nuestra casa, y verificamos permanentemente la posibilidad de incrementarla mediante nuestro sistema de gesti\u00f3n de calidad.<\/p>\n\n\n\n<p>Las necesidades especiales o la producci\u00f3n de componentes espec\u00edficos para nuestros clientes forman parte de nuestro trabajo diario.<\/p>\n\n\n\n<p>\u00bfQuiere realizar un nuevo proyecto con nosotros o externalizar su producci\u00f3n actual? Desde la solicitud de informaci\u00f3n, pasando por la elaboraci\u00f3n de la oferta hasta las primeras muestras y la posterior fabricaci\u00f3n en serie: \u00a1garantizamos rapidez, rentabilidad y un asesoramiento competente!<\/p>\n\n\n\n<p>Ser\u00e1 un placer atenderle.<\/p>\n\n\n\n<p>Comtec GmbH\u2026 \u00a1creamos conexiones!<\/p>\n\n\n\n<p>Aqu\u00ed tiene una selecci\u00f3n de nuestra gama de productos!<\/p>\n","protected":false},"excerpt":{"rendered":"<p>Acerca de nosotros La empresa, con sede en Stuhr cerca de Bremen, se fund\u00f3 el 26 de junio de 1975 y desde entonces produce y distribuye accesorios de cableado y telecomunicaciones. Comtec GmbH, originalmente una filial americana de Communication Technology Corporated, se independiz\u00f3 en el a\u00f1o 1986, convirti\u00e9ndose en una empresa alemana aut\u00f3noma que desde &#8230; <a title=\"Historia\" class=\"read-more\" href=\"https:\/\/comtec1.de\/es\/historia\/\" aria-label=\"Leer m\u00e1s sobre Historia\">Leer m\u00e1s<\/a><\/p>\n","protected":false},"author":1,"featured_media":0,"parent":0,"menu_order":0,"comment_status":"closed","ping_status":"closed","template":"","meta":{"advgb_blocks_editor_width":"","advgb_blocks_columns_visual_guide":"","kk_blocks_editor_width":"","_kiokenblocks_attr":"","_kiokenblocks_dimensions":"","_coblocks_attr":"","_coblocks_dimensions":"","_coblocks_responsive_height":"","_coblocks_accordion_ie_support":"","footnotes":""},"class_list":["post-129","page","type-page","status-publish"],"coauthors":[],"author_meta":{"author_link":"https:\/\/comtec1.de\/es\/blog\/author\/admina\/","display_name":"admina"},"relative_dates":{"created":"Publicado 6 a\u00f1os hace","modified":"Actualizado 6 a\u00f1os hace"},"absolute_dates":{"created":"Publicado el 23. agosto 2020","modified":"Actualizado el 17. septiembre 2020"},"absolute_dates_time":{"created":"Publicado el 23. agosto 2020 15:02","modified":"Actualizado el 17. septiembre 2020 16:45"},"featured_img_caption":"","featured_img":false,"series_order":"","_links":{"self":[{"href":"https:\/\/comtec1.de\/es\/wp-json\/wp\/v2\/pages\/129","targetHints":{"allow":["GET"]}}],"collection":[{"href":"https:\/\/comtec1.de\/es\/wp-json\/wp\/v2\/pages"}],"about":[{"href":"https:\/\/comtec1.de\/es\/wp-json\/wp\/v2\/types\/page"}],"author":[{"embeddable":true,"href":"https:\/\/comtec1.de\/es\/wp-json\/wp\/v2\/users\/1"}],"replies":[{"embeddable":true,"href":"https:\/\/comtec1.de\/es\/wp-json\/wp\/v2\/comments?post=129"}],"version-history":[{"count":6,"href":"https:\/\/comtec1.de\/es\/wp-json\/wp\/v2\/pages\/129\/revisions"}],"predecessor-version":[{"id":992,"href":"https:\/\/comtec1.de\/es\/wp-json\/wp\/v2\/pages\/129\/revisions\/992"}],"wp:attachment":[{"href":"https:\/\/comtec1.de\/es\/wp-json\/wp\/v2\/media?parent=129"}],"curies":[{"name":"wp","href":"https:\/\/api.w.org\/{rel}","templated":true}]}}