{"id":375,"date":"2020-08-29T13:33:50","date_gmt":"2020-08-29T11:33:50","guid":{"rendered":"https:\/\/comtec1.de\/es\/?page_id=375"},"modified":"2020-09-22T12:26:12","modified_gmt":"2020-09-22T10:26:12","slug":"conexiones-blindadas","status":"publish","type":"page","link":"https:\/\/comtec1.de\/es\/producto\/conexiones-blindadas\/","title":{"rendered":"Conexiones Blindadas"},"content":{"rendered":"\n<div class=\"gb-container gb-container-7a9f5a9d alignfull\"><div class=\"gb-inside-container\">\n<h2 class=\"gb-headline gb-headline-9833dbad  animated fadeInLeft duration5\">Conexi\u00f3n de apantallamiento<\/h2>\n\n\n\n<div class=\"gb-button-wrapper gb-button-wrapper-e304f8cc\">\n<a class=\"gb-button gb-button-469ee444  animated fadeInLeft duration5\" target=\"_blank\" rel=\"nofollow noopener noreferrer sponsored\"><span class=\"gb-icon\"><svg aria-hidden=\"true\" height=\"1em\" width=\"1em\" viewBox=\"0 0 512 512\" xmlns=\"http:\/\/www.w3.org\/2000\/svg\"><path fill=\"currentColor\" d=\"M493.4 24.6l-104-24c-11.3-2.6-22.9 3.3-27.5 13.9l-48 112c-4.2 9.8-1.4 21.3 6.9 28l60.6 49.6c-36 76.7-98.9 140.5-177.2 177.2l-49.6-60.6c-6.8-8.3-18.2-11.1-28-6.9l-112 48C3.9 366.5-2 378.1.6 389.4l24 104C27.1 504.2 36.7 512 48 512c256.1 0 464-207.5 464-464 0-11.2-7.7-20.9-18.6-23.4z\"><\/path><\/svg><\/span><span class=\"button-text\">+49 421 565 430<\/span><\/a>\n<\/div>\n<\/div><\/div>\n\n\n\n<div class=\"wp-block-media-text is-stacked-on-mobile is-vertically-aligned-center schatten is-style-default\" style=\"grid-template-columns:57% auto\"><figure class=\"wp-block-media-text__media\"><img loading=\"lazy\" decoding=\"async\" width=\"1024\" height=\"512\" src=\"https:\/\/comtec1.de\/es\/wp-content\/uploads\/sites\/3\/2020\/09\/SW_Slider-1024x512.jpg\" alt=\"\" class=\"wp-image-724\" srcset=\"https:\/\/comtec1.de\/es\/wp-content\/uploads\/sites\/3\/2020\/09\/SW_Slider-1024x512.jpg 1024w, https:\/\/comtec1.de\/es\/wp-content\/uploads\/sites\/3\/2020\/09\/SW_Slider-300x150.jpg 300w, https:\/\/comtec1.de\/es\/wp-content\/uploads\/sites\/3\/2020\/09\/SW_Slider-768x384.jpg 768w, https:\/\/comtec1.de\/es\/wp-content\/uploads\/sites\/3\/2020\/09\/SW_Slider.jpg 1200w\" sizes=\"auto, (max-width: 1024px) 100vw, 1024px\" \/><\/figure><div class=\"wp-block-media-text__content\">\n<p class=\"borderheadline has-large-font-size\">Conexi\u00f3n de apantallamiento<\/p>\n\n\n\n<p>Conexiones de blindaje profesionales para casi todos los tama\u00f1os de cable<\/p>\n<\/div><\/div>\n","protected":false},"excerpt":{"rendered":"<p>Conexi\u00f3n de apantallamiento Conexi\u00f3n de apantallamiento Conexiones de blindaje profesionales para casi todos los tama\u00f1os de cable<\/p>\n","protected":false},"author":1,"featured_media":0,"parent":292,"menu_order":0,"comment_status":"closed","ping_status":"closed","template":"","meta":{"advgb_blocks_editor_width":"","advgb_blocks_columns_visual_guide":"","kk_blocks_editor_width":"","_kiokenblocks_attr":"","_kiokenblocks_dimensions":"","_coblocks_attr":"","_coblocks_dimensions":"","_coblocks_responsive_height":"","_coblocks_accordion_ie_support":"","footnotes":""},"class_list":["post-375","page","type-page","status-publish"],"coauthors":[],"author_meta":{"author_link":"https:\/\/comtec1.de\/es\/blog\/author\/admina\/","display_name":"admina"},"relative_dates":{"created":"Publicado 6 a\u00f1os hace","modified":"Actualizado 6 a\u00f1os hace"},"absolute_dates":{"created":"Publicado el 29. agosto 2020","modified":"Actualizado el 22. septiembre 2020"},"absolute_dates_time":{"created":"Publicado el 29. agosto 2020 13:33","modified":"Actualizado el 22. septiembre 2020 12:26"},"featured_img_caption":"","featured_img":false,"series_order":"","_links":{"self":[{"href":"https:\/\/comtec1.de\/es\/wp-json\/wp\/v2\/pages\/375","targetHints":{"allow":["GET"]}}],"collection":[{"href":"https:\/\/comtec1.de\/es\/wp-json\/wp\/v2\/pages"}],"about":[{"href":"https:\/\/comtec1.de\/es\/wp-json\/wp\/v2\/types\/page"}],"author":[{"embeddable":true,"href":"https:\/\/comtec1.de\/es\/wp-json\/wp\/v2\/users\/1"}],"replies":[{"embeddable":true,"href":"https:\/\/comtec1.de\/es\/wp-json\/wp\/v2\/comments?post=375"}],"version-history":[{"count":41,"href":"https:\/\/comtec1.de\/es\/wp-json\/wp\/v2\/pages\/375\/revisions"}],"predecessor-version":[{"id":1038,"href":"https:\/\/comtec1.de\/es\/wp-json\/wp\/v2\/pages\/375\/revisions\/1038"}],"up":[{"embeddable":true,"href":"https:\/\/comtec1.de\/es\/wp-json\/wp\/v2\/pages\/292"}],"wp:attachment":[{"href":"https:\/\/comtec1.de\/es\/wp-json\/wp\/v2\/media?parent=375"}],"curies":[{"name":"wp","href":"https:\/\/api.w.org\/{rel}","templated":true}]}}