{"id":379,"date":"2020-08-29T13:36:52","date_gmt":"2020-08-29T11:36:52","guid":{"rendered":"https:\/\/comtec1.de\/es\/?page_id=379"},"modified":"2020-09-22T12:19:22","modified_gmt":"2020-09-22T10:19:22","slug":"schirmverbindung-tipo-sw","status":"publish","type":"page","link":"https:\/\/comtec1.de\/es\/producto\/conexiones-blindadas\/schirmverbindung-tipo-sw\/","title":{"rendered":"Tipo: SW"},"content":{"rendered":"\n<div class=\"gb-container gb-container-04669d7b alignfull\"><div class=\"gb-inside-container\">\n<h2 class=\"gb-headline gb-headline-f163e353  animated fadeInLeft duration5\">Conexi\u00f3n de apantallamiento tipo: SW<\/h2>\n\n\n\n<div class=\"gb-button-wrapper gb-button-wrapper-52904076\">\n<a class=\"gb-button gb-button-2f2c123c  animated fadeInLeft duration5\" target=\"_blank\" rel=\"nofollow noopener noreferrer sponsored\"><span class=\"gb-icon\"><svg xmlns=\"http:\/\/www.w3.org\/2000\/svg\" viewBox=\"0 0 512 512\" width=\"1em\" height=\"1em\" aria-hidden=\"true\"><path d=\"M493.4 24.6l-104-24c-11.3-2.6-22.9 3.3-27.5 13.9l-48 112c-4.2 9.8-1.4 21.3 6.9 28l60.6 49.6c-36 76.7-98.9 140.5-177.2 177.2l-49.6-60.6c-6.8-8.3-18.2-11.1-28-6.9l-112 48C3.9 366.5-2 378.1.6 389.4l24 104C27.1 504.2 36.7 512 48 512c256.1 0 464-207.5 464-464 0-11.2-7.7-20.9-18.6-23.4z\" fill=\"currentColor\"><\/path><\/svg><\/span><span class=\"button-text\">+49 421 565 430<\/span><\/a>\n<\/div>\n<\/div><\/div>\n\n\n\n<p><\/p>\n\n\n\n<h2 class=\"gb-headline gb-headline-b0df029d borderheadline\">Conexi\u00f3n de apantallamiento tipo: SW<br\/><\/h2>\n\n\n\n<p>Los cables de telecomunicaciones o las l\u00edneas de datos con pocos pares no ofrecen espacio suficiente en el cable como para instalar una conexi\u00f3n de apantallamiento est\u00e1ndar.<\/p>\n\n\n\n<p>Muy a menudo, al cortar las leng\u00fcetas para instalar una conexi\u00f3n de apantallamiento, algunos hilos resultan da\u00f1ados o incluso llegan a cortarse del todo. Adem\u00e1s, el recubrimiento de aluminio del cable puede rasgarse o romperse si se dobla con fuerza.<br>El conector de apantallamiento SW es nuestro conector de apantallamiento m\u00e1s peque\u00f1o, certificado seg\u00fan DIN 47626, y generalmente no requiere cortar longitudinal ni transversalmente el recubrimiento del cable (v\u00e9anse las instrucciones de montaje). El borne de conexi\u00f3n de apantallamiento es de acero especial templado. De manera similar al borne SC, solo hay que deslizarlo sobre el recubrimiento del cable. El diente de sujeci\u00f3n se agarra al recubrimiento de pl\u00e1stico del cable y los dientes de contacto establecen una conexi\u00f3n segura con el blindaje del cable.<\/p>\n\n\n\n<p>Suministramos esta conexi\u00f3n de apantallamiento confeccionada con un conductor a tierra desde 1 mm\u00b2 hasta 4 mm\u00b2, si bien el est\u00e1ndar es de 2,5 mm\u00b2.<\/p>\n\n\n\n<p>El color est\u00e1ndar del aislamiento es el negro; no obstante, tambi\u00e9n est\u00e1n disponibles todos los dem\u00e1s colores sin tiempos de entrega m\u00e1s prolongados.<\/p>\n\n\n\n<div class=\"gb-container gb-container-19df08c2 alignfull\"><div class=\"gb-inside-container\"><div class=\"n2-section-smartslider fitvidsignore  n2_clear\" data-ssid=\"4\" tabindex=\"0\" role=\"region\" aria-label=\"Slider\"><div id=\"n2-ss-4-align\" class=\"n2-ss-align\"><div class=\"n2-padding\"><div id=\"n2-ss-4\" data-creator=\"Smart Slider 3\" data-responsive=\"auto\" class=\"n2-ss-slider n2-ow n2-has-hover n2notransition  \"><div class=\"n2-ss-slider-wrapper-outside\" style=\"grid-template-rows:1fr auto\"><div class=\"n2-ss-slider-wrapper-inside\">\n        <div class=\"n2-ss-slider-1 n2_ss__touch_element n2-ow\">\n            <div class=\"n2-ss-slider-2 n2-ow\">\n                                                <div class=\"n2-ss-slider-3 n2-ow\">\n\n                    <div class=\"n2-ss-slide-backgrounds n2-ow-all\"><div class=\"n2-ss-slide-background\" data-public-id=\"1\" data-mode=\"fill\"><div class=\"n2-ss-slide-background-image\" data-blur=\"0\" data-opacity=\"100\" data-x=\"50\" data-y=\"50\" data-alt=\"\" data-title=\"\"><picture class=\"skip-lazy\" data-skip-lazy=\"1\"><img decoding=\"async\" src=\"\/\/comtec1.de\/es\/wp-content\/uploads\/sites\/3\/2020\/09\/SW_Slider.jpg\" alt=\"\" title=\"\" loading=\"lazy\" class=\"skip-lazy\" data-skip-lazy=\"1\"><\/picture><\/div><div data-color=\"RGBA(255,255,255,0)\" style=\"background-color: RGBA(255,255,255,0);\" class=\"n2-ss-slide-background-color\"><\/div><\/div><div class=\"n2-ss-slide-background\" data-public-id=\"2\" data-mode=\"fill\" aria-hidden=\"true\"><div class=\"n2-ss-slide-background-image\" data-blur=\"0\" data-opacity=\"100\" data-x=\"50\" data-y=\"50\" data-alt=\"\" data-title=\"\"><picture class=\"skip-lazy\" data-skip-lazy=\"1\"><img decoding=\"async\" src=\"\/\/comtec1.de\/es\/wp-content\/uploads\/sites\/3\/2020\/08\/Typ-SW_1.jpg\" alt=\"\" title=\"\" loading=\"lazy\" class=\"skip-lazy\" data-skip-lazy=\"1\"><\/picture><\/div><div data-color=\"RGBA(255,255,255,0)\" style=\"background-color: RGBA(255,255,255,0);\" class=\"n2-ss-slide-background-color\"><\/div><\/div><div class=\"n2-ss-slide-background\" data-public-id=\"3\" data-mode=\"fill\" aria-hidden=\"true\"><div class=\"n2-ss-slide-background-image\" data-blur=\"0\" data-opacity=\"100\" data-x=\"50\" data-y=\"50\" data-alt=\"\" data-title=\"\"><picture class=\"skip-lazy\" data-skip-lazy=\"1\"><img decoding=\"async\" src=\"\/\/comtec1.de\/es\/wp-content\/uploads\/sites\/3\/2020\/08\/Typ-SW_2.jpg\" alt=\"\" title=\"\" loading=\"lazy\" class=\"skip-lazy\" data-skip-lazy=\"1\"><\/picture><\/div><div data-color=\"RGBA(255,255,255,0)\" style=\"background-color: RGBA(255,255,255,0);\" class=\"n2-ss-slide-background-color\"><\/div><\/div><div class=\"n2-ss-slide-background\" data-public-id=\"4\" data-mode=\"fill\" aria-hidden=\"true\"><div class=\"n2-ss-slide-background-image\" data-blur=\"0\" data-opacity=\"100\" data-x=\"50\" data-y=\"50\" data-alt=\"\" data-title=\"\"><picture class=\"skip-lazy\" data-skip-lazy=\"1\"><img decoding=\"async\" src=\"\/\/comtec1.de\/es\/wp-content\/uploads\/sites\/3\/2020\/08\/Typ-SW_3.jpg\" alt=\"\" title=\"\" loading=\"lazy\" class=\"skip-lazy\" data-skip-lazy=\"1\"><\/picture><\/div><div data-color=\"RGBA(255,255,255,0)\" style=\"background-color: RGBA(255,255,255,0);\" class=\"n2-ss-slide-background-color\"><\/div><\/div><\/div>                    <div class=\"n2-ss-slider-4 n2-ow\">\n                        <svg xmlns=\"http:\/\/www.w3.org\/2000\/svg\" viewBox=\"0 0 600 400\" data-related-device=\"desktopPortrait\" class=\"n2-ow n2-ss-preserve-size n2-ss-preserve-size--slider n2-ss-slide-limiter\"><\/svg><div data-first=\"1\" data-slide-duration=\"0\" data-id=\"39\" data-slide-public-id=\"1\" data-title=\"SW_Slider\" class=\"n2-ss-slide n2-ow  n2-ss-slide-39\"><div role=\"note\" class=\"n2-ss-slide--focus\" tabindex=\"-1\">SW_Slider<\/div><div class=\"n2-ss-layers-container n2-ss-slide-limiter n2-ow\"><div class=\"n2-ss-layer n2-ow n-uc-mEPI4KWxSXEU\" data-sstype=\"slide\" data-pm=\"default\"><div class=\"n2-ss-layer n2-ow n-uc-1cd7acfeb524e\" data-pm=\"default\" data-sstype=\"content\" data-hasbackground=\"0\"><div class=\"n2-ss-section-main-content n2-ss-layer-with-background n2-ss-layer-content n2-ow n-uc-1cd7acfeb524e-inner\"><div class=\"n2-ss-layer n2-ow n-uc-eyWMyXO3b4Il\" data-pm=\"normal\" data-sstype=\"layer\"><div id=\"n2-ss-4item1\" class=\"n2-font-3de5890572f73fa57d08c0dadabbe0e6-hover   n2-ss-item-content n2-ss-text n2-ow\" style=\"display:block;\">Schirmverbindung Typ SW<\/div><\/div><\/div><\/div><\/div><\/div><\/div><div data-slide-duration=\"0\" data-id=\"18\" data-slide-public-id=\"2\" aria-hidden=\"true\" data-title=\"Typ-SW_1\" class=\"n2-ss-slide n2-ow  n2-ss-slide-18\"><div role=\"note\" class=\"n2-ss-slide--focus\" tabindex=\"-1\">Typ-SW_1<\/div><div class=\"n2-ss-layers-container n2-ss-slide-limiter n2-ow\"><div class=\"n2-ss-layer n2-ow n-uc-hqbK6BsyWxMw\" data-sstype=\"slide\" data-pm=\"default\"><\/div><\/div><\/div><div data-slide-duration=\"0\" data-id=\"17\" data-slide-public-id=\"3\" aria-hidden=\"true\" data-title=\"Typ-SW_2\" class=\"n2-ss-slide n2-ow  n2-ss-slide-17\"><div role=\"note\" class=\"n2-ss-slide--focus\" tabindex=\"-1\">Typ-SW_2<\/div><div class=\"n2-ss-layers-container n2-ss-slide-limiter n2-ow\"><div class=\"n2-ss-layer n2-ow n-uc-AdBn05cVxap1\" data-sstype=\"slide\" data-pm=\"default\"><\/div><\/div><\/div><div data-slide-duration=\"0\" data-id=\"16\" data-slide-public-id=\"4\" aria-hidden=\"true\" data-title=\"Typ-SW_3\" class=\"n2-ss-slide n2-ow  n2-ss-slide-16\"><div role=\"note\" class=\"n2-ss-slide--focus\" tabindex=\"-1\">Typ-SW_3<\/div><div class=\"n2-ss-layers-container n2-ss-slide-limiter n2-ow\"><div class=\"n2-ss-layer n2-ow n-uc-4z6W69nQt6As\" data-sstype=\"slide\" data-pm=\"default\"><\/div><\/div><\/div>                    <\/div>\n\n                                    <\/div>\n            <\/div>\n        <\/div>\n        <div class=\"n2-ss-slider-controls n2-ss-slider-controls-absolute-left-center\"><div style=\"--widget-offset:15px;\" class=\"n2-ss-widget nextend-arrow n2-ow-all nextend-arrow-previous  nextend-arrow-animated-fade\" data-hide-mobileportrait=\"1\" id=\"n2-ss-4-arrow-previous\" role=\"button\" aria-label=\"previous arrow\" tabindex=\"0\"><img loading=\"lazy\" decoding=\"async\" width=\"32\" height=\"32\" class=\"skip-lazy\" data-skip-lazy=\"1\" src=\"data:image\/svg+xml;base64,PHN2ZyB3aWR0aD0iMzIiIGhlaWdodD0iMzIiIHZpZXdCb3g9IjAgMCAzMiAzMiIgeG1sbnM9Imh0dHA6Ly93d3cudzMub3JnLzIwMDAvc3ZnIj4KICAgIDxwYXRoIGQ9Ik0xMS40MzMgMTUuOTkyTDIyLjY5IDUuNzEyYy4zOTMtLjM5LjM5My0xLjAzIDAtMS40Mi0uMzkzLS4zOS0xLjAzLS4zOS0xLjQyMyAwbC0xMS45OCAxMC45NGMtLjIxLjIxLS4zLjQ5LS4yODUuNzYtLjAxNS4yOC4wNzUuNTYuMjg0Ljc3bDExLjk4IDEwLjk0Yy4zOTMuMzkgMS4wMy4zOSAxLjQyNCAwIC4zOTMtLjQuMzkzLTEuMDMgMC0xLjQybC0xMS4yNTctMTAuMjkiCiAgICAgICAgICBmaWxsPSIjZmZmZmZmIiBvcGFjaXR5PSIwLjgiIGZpbGwtcnVsZT0iZXZlbm9kZCIvPgo8L3N2Zz4=\" alt=\"previous arrow\"><\/div><\/div><div class=\"n2-ss-slider-controls n2-ss-slider-controls-absolute-right-center\"><div style=\"--widget-offset:15px;\" class=\"n2-ss-widget nextend-arrow n2-ow-all nextend-arrow-next  nextend-arrow-animated-fade\" data-hide-mobileportrait=\"1\" id=\"n2-ss-4-arrow-next\" role=\"button\" aria-label=\"next arrow\" tabindex=\"0\"><img loading=\"lazy\" decoding=\"async\" width=\"32\" height=\"32\" class=\"skip-lazy\" data-skip-lazy=\"1\" src=\"data:image\/svg+xml;base64,PHN2ZyB3aWR0aD0iMzIiIGhlaWdodD0iMzIiIHZpZXdCb3g9IjAgMCAzMiAzMiIgeG1sbnM9Imh0dHA6Ly93d3cudzMub3JnLzIwMDAvc3ZnIj4KICAgIDxwYXRoIGQ9Ik0xMC43MjIgNC4yOTNjLS4zOTQtLjM5LTEuMDMyLS4zOS0xLjQyNyAwLS4zOTMuMzktLjM5MyAxLjAzIDAgMS40MmwxMS4yODMgMTAuMjgtMTEuMjgzIDEwLjI5Yy0uMzkzLjM5LS4zOTMgMS4wMiAwIDEuNDIuMzk1LjM5IDEuMDMzLjM5IDEuNDI3IDBsMTIuMDA3LTEwLjk0Yy4yMS0uMjEuMy0uNDkuMjg0LS43Ny4wMTQtLjI3LS4wNzYtLjU1LS4yODYtLjc2TDEwLjcyIDQuMjkzeiIKICAgICAgICAgIGZpbGw9IiNmZmZmZmYiIG9wYWNpdHk9IjAuOCIgZmlsbC1ydWxlPSJldmVub2RkIi8+Cjwvc3ZnPg==\" alt=\"next arrow\"><\/div><\/div><\/div><div class=\"n2-ss-slider-controls n2-ss-slider-controls-below\"><div class=\"n2-ss-widget nextend-shadow n2-ow-all\" data-hide-mobileportrait=\"1\"><img decoding=\"async\" width=\"1120\" height=\"50\" style=\"display: block; width:100%;max-width:none;\" class=\"nextend-shadow-image skip-lazy\" loading=\"lazy\" data-skip-lazy=\"1\" src=\"https:\/\/comtec1.de\/es\/wp-content\/plugins\/smart-slider-3\/Public\/SmartSlider3\/Widget\/Shadow\/ShadowImage\/Assets\/shadow\/dark.png\" alt=\"Shadow\"><\/div><\/div><\/div><\/div><ss3-loader><\/ss3-loader><\/div><\/div><div class=\"n2_clear\"><\/div><\/div><\/div><\/div>\n\n\n\n<div style=\"height:20px\" aria-hidden=\"true\" class=\"wp-block-spacer\"><\/div>\n\n\n\n<div class=\"wp-block-file\"><a href=\"https:\/\/comtec1.de\/en\/wp-content\/uploads\/sites\/2\/2020\/09\/sw-clip_english.pdf\" target=\"_blank\" rel=\"noreferrer noopener\">Instrucciones de montaje en formato PDF para descargar<\/a><a href=\"https:\/\/comtec1.de\/en\/wp-content\/uploads\/sites\/2\/2020\/09\/sw-clip_english.pdf\" class=\"wp-block-file__button\" download>download<\/a><\/div>\n","protected":false},"excerpt":{"rendered":"<p>Conexi\u00f3n de apantallamiento tipo: SW Conexi\u00f3n de apantallamiento tipo: SW Los cables de telecomunicaciones o las l\u00edneas de datos con pocos pares no ofrecen espacio suficiente en el cable como para instalar una conexi\u00f3n de apantallamiento est\u00e1ndar. Muy a menudo, al cortar las leng\u00fcetas para instalar una conexi\u00f3n de apantallamiento, algunos hilos resultan da\u00f1ados o &#8230; <a title=\"Tipo: SW\" class=\"read-more\" href=\"https:\/\/comtec1.de\/es\/producto\/conexiones-blindadas\/schirmverbindung-tipo-sw\/\" aria-label=\"Leer m\u00e1s sobre Tipo: SW\">Leer m\u00e1s<\/a><\/p>\n","protected":false},"author":1,"featured_media":0,"parent":375,"menu_order":0,"comment_status":"closed","ping_status":"closed","template":"","meta":{"advgb_blocks_editor_width":"","advgb_blocks_columns_visual_guide":"","kk_blocks_editor_width":"","_kiokenblocks_attr":"","_kiokenblocks_dimensions":"","_coblocks_attr":"","_coblocks_dimensions":"","_coblocks_responsive_height":"","_coblocks_accordion_ie_support":"","footnotes":""},"class_list":["post-379","page","type-page","status-publish"],"coauthors":[],"author_meta":{"author_link":"https:\/\/comtec1.de\/es\/blog\/author\/admina\/","display_name":"admina"},"relative_dates":{"created":"Publicado 6 a\u00f1os hace","modified":"Actualizado 6 a\u00f1os hace"},"absolute_dates":{"created":"Publicado el 29. agosto 2020","modified":"Actualizado el 22. septiembre 2020"},"absolute_dates_time":{"created":"Publicado el 29. agosto 2020 13:36","modified":"Actualizado el 22. septiembre 2020 12:19"},"featured_img_caption":"","featured_img":false,"series_order":"","_links":{"self":[{"href":"https:\/\/comtec1.de\/es\/wp-json\/wp\/v2\/pages\/379","targetHints":{"allow":["GET"]}}],"collection":[{"href":"https:\/\/comtec1.de\/es\/wp-json\/wp\/v2\/pages"}],"about":[{"href":"https:\/\/comtec1.de\/es\/wp-json\/wp\/v2\/types\/page"}],"author":[{"embeddable":true,"href":"https:\/\/comtec1.de\/es\/wp-json\/wp\/v2\/users\/1"}],"replies":[{"embeddable":true,"href":"https:\/\/comtec1.de\/es\/wp-json\/wp\/v2\/comments?post=379"}],"version-history":[{"count":11,"href":"https:\/\/comtec1.de\/es\/wp-json\/wp\/v2\/pages\/379\/revisions"}],"predecessor-version":[{"id":1034,"href":"https:\/\/comtec1.de\/es\/wp-json\/wp\/v2\/pages\/379\/revisions\/1034"}],"up":[{"embeddable":true,"href":"https:\/\/comtec1.de\/es\/wp-json\/wp\/v2\/pages\/375"}],"wp:attachment":[{"href":"https:\/\/comtec1.de\/es\/wp-json\/wp\/v2\/media?parent=379"}],"curies":[{"name":"wp","href":"https:\/\/api.w.org\/{rel}","templated":true}]}}