{"id":398,"date":"2020-08-29T13:45:44","date_gmt":"2020-08-29T11:45:44","guid":{"rendered":"https:\/\/comtec1.de\/es\/?page_id=398"},"modified":"2020-09-30T10:09:50","modified_gmt":"2020-09-30T08:09:50","slug":"distribuidor-de-cable","status":"publish","type":"page","link":"https:\/\/comtec1.de\/es\/producto\/distribuidor-de-cable\/","title":{"rendered":"Distribuidor de Cable"},"content":{"rendered":"\n<div class=\"gb-container gb-container-924b3dfc alignfull\"><div class=\"gb-inside-container\">\n<h2 class=\"gb-headline gb-headline-771b4d6f  animated fadeInLeft duration5\">Distribuidor de cable de se\u00f1al CSKV01<\/h2>\n\n\n\n<div class=\"gb-button-wrapper gb-button-wrapper-863186a1\">\n<a class=\"gb-button gb-button-d32355f8  animated fadeInLeft duration5\" target=\"_blank\" rel=\"nofollow noopener noreferrer sponsored\"><span class=\"gb-icon\"><svg aria-hidden=\"true\" height=\"1em\" width=\"1em\" viewBox=\"0 0 512 512\" xmlns=\"http:\/\/www.w3.org\/2000\/svg\"><path fill=\"currentColor\" d=\"M493.4 24.6l-104-24c-11.3-2.6-22.9 3.3-27.5 13.9l-48 112c-4.2 9.8-1.4 21.3 6.9 28l60.6 49.6c-36 76.7-98.9 140.5-177.2 177.2l-49.6-60.6c-6.8-8.3-18.2-11.1-28-6.9l-112 48C3.9 366.5-2 378.1.6 389.4l24 104C27.1 504.2 36.7 512 48 512c256.1 0 464-207.5 464-464 0-11.2-7.7-20.9-18.6-23.4z\"><\/path><\/svg><\/span><span class=\"button-text\">+49 421 565 430<\/span><\/a>\n<\/div>\n<\/div><\/div>\n\n\n\n<h2 class=\"gb-headline gb-headline-928e7430 borderheadline\">Distribuidor de cable de se\u00f1al CSKV01<\/h2>\n\n\n\n<p>Este distribuidor de cable en miniatura es adecuado para la instalaci\u00f3n de, por ejemplo, conexiones de interruptores, imanes de pista (tambi\u00e9n con contacto de prueba de lengua), balizas y ofrece espacio suficiente para hasta 16 terminales de doble nivel.<br>Otras ventajas de este producto son la f\u00e1cil instalaci\u00f3n, el bajo peso, as\u00ed como la amplia gama de accesorios, como prensaestopas, soporte y mucho m\u00e1s!<\/p>\n\n\n\n<p>El distribuidor tiene el lanzamiento en serie de DB Netz AG (TN: 4-2016-10379 I.NPS3) y puede ser usado sin restricciones.<\/p>\n\n\n\n<p>Si lo desea, estaremos encantados de hacerle una oferta adaptada exactamente a sus necesidades.<\/p>\n\n\n\n<p><\/p>\n\n\n\n<div class=\"gb-container gb-container-b0413684 alignfull\"><div class=\"gb-inside-container\">\n<figure class=\"wp-block-gallery columns-3 wp-block-gallery-1\"><ul class=\"blocks-gallery-grid\"><li class=\"blocks-gallery-item\"><figure><img loading=\"lazy\" decoding=\"async\" width=\"236\" height=\"532\" src=\"https:\/\/comtec1.de\/es\/wp-content\/uploads\/sites\/3\/2020\/09\/kabelverteiler_grau.jpg\" alt=\"\" data-id=\"947\" data-full-url=\"https:\/\/comtec1.de\/es\/wp-content\/uploads\/sites\/3\/2020\/09\/kabelverteiler_grau.jpg\" data-link=\"https:\/\/comtec1.de\/es\/kabelverteiler_grau\/\" class=\"wp-image-947\" srcset=\"https:\/\/comtec1.de\/es\/wp-content\/uploads\/sites\/3\/2020\/09\/kabelverteiler_grau.jpg 236w, https:\/\/comtec1.de\/es\/wp-content\/uploads\/sites\/3\/2020\/09\/kabelverteiler_grau-133x300.jpg 133w\" sizes=\"auto, (max-width: 236px) 100vw, 236px\" \/><\/figure><\/li><li class=\"blocks-gallery-item\"><figure><img loading=\"lazy\" decoding=\"async\" width=\"236\" height=\"532\" src=\"https:\/\/comtec1.de\/es\/wp-content\/uploads\/sites\/3\/2020\/09\/kabelverteiler_gelb.jpg\" alt=\"\" data-id=\"953\" data-full-url=\"https:\/\/comtec1.de\/es\/wp-content\/uploads\/sites\/3\/2020\/09\/kabelverteiler_gelb.jpg\" data-link=\"https:\/\/comtec1.de\/es\/kabelverteiler_gelb\/\" class=\"wp-image-953\" srcset=\"https:\/\/comtec1.de\/es\/wp-content\/uploads\/sites\/3\/2020\/09\/kabelverteiler_gelb.jpg 236w, https:\/\/comtec1.de\/es\/wp-content\/uploads\/sites\/3\/2020\/09\/kabelverteiler_gelb-133x300.jpg 133w\" sizes=\"auto, (max-width: 236px) 100vw, 236px\" \/><\/figure><\/li><li class=\"blocks-gallery-item\"><figure><img loading=\"lazy\" decoding=\"async\" width=\"400\" height=\"600\" src=\"https:\/\/comtec1.de\/es\/wp-content\/uploads\/sites\/3\/2020\/09\/kabelverteiler_details.jpg\" alt=\"\" data-id=\"941\" data-full-url=\"https:\/\/comtec1.de\/es\/wp-content\/uploads\/sites\/3\/2020\/09\/kabelverteiler_details.jpg\" data-link=\"https:\/\/comtec1.de\/es\/kabelverteiler_details\/\" class=\"wp-image-941 is-layout-flex wp-block-gallery-is-layout-flex\" srcset=\"https:\/\/comtec1.de\/es\/wp-content\/uploads\/sites\/3\/2020\/09\/kabelverteiler_details.jpg 400w, https:\/\/comtec1.de\/es\/wp-content\/uploads\/sites\/3\/2020\/09\/kabelverteiler_details-200x300.jpg 200w\" sizes=\"auto, (max-width: 400px) 100vw, 400px\" \/><\/figure><\/li><\/ul><\/figure>\n<\/div><\/div>\n\n\n\n<p><\/p>\n\n\n\n<div style=\"height:20px\" aria-hidden=\"true\" class=\"wp-block-spacer\"><\/div>\n\n\n\n<div class=\"wp-block-file\"><a href=\"https:\/\/comtec1.de\/es\/wp-content\/uploads\/sites\/3\/2020\/09\/Datenblatt_CSKV_Spanisch.pdf\" target=\"_blank\" rel=\"noreferrer noopener\">Informaciones adicional CSKV<\/a><a href=\"https:\/\/comtec1.de\/es\/wp-content\/uploads\/sites\/3\/2020\/09\/Datenblatt_CSKV_Spanisch.pdf\" class=\"wp-block-file__button\" download>download<\/a><\/div>\n","protected":false},"excerpt":{"rendered":"<p>Distribuidor de cable de se\u00f1al CSKV01 Distribuidor de cable de se\u00f1al CSKV01 Este distribuidor de cable en miniatura es adecuado para la instalaci\u00f3n de, por ejemplo, conexiones de interruptores, imanes de pista (tambi\u00e9n con contacto de prueba de lengua), balizas y ofrece espacio suficiente para hasta 16 terminales de doble nivel.Otras ventajas de este producto &#8230; <a title=\"Distribuidor de Cable\" class=\"read-more\" href=\"https:\/\/comtec1.de\/es\/producto\/distribuidor-de-cable\/\" aria-label=\"Leer m\u00e1s sobre Distribuidor de Cable\">Leer m\u00e1s<\/a><\/p>\n","protected":false},"author":1,"featured_media":0,"parent":292,"menu_order":0,"comment_status":"closed","ping_status":"closed","template":"","meta":{"advgb_blocks_editor_width":"","advgb_blocks_columns_visual_guide":"","kk_blocks_editor_width":"","_kiokenblocks_attr":"","_kiokenblocks_dimensions":"","_coblocks_attr":"","_coblocks_dimensions":"","_coblocks_responsive_height":"","_coblocks_accordion_ie_support":"","footnotes":""},"class_list":["post-398","page","type-page","status-publish"],"coauthors":[],"author_meta":{"author_link":"https:\/\/comtec1.de\/es\/blog\/author\/admina\/","display_name":"admina"},"relative_dates":{"created":"Publicado 6 a\u00f1os hace","modified":"Actualizado 6 a\u00f1os hace"},"absolute_dates":{"created":"Publicado el 29. agosto 2020","modified":"Actualizado el 30. septiembre 2020"},"absolute_dates_time":{"created":"Publicado el 29. agosto 2020 13:45","modified":"Actualizado el 30. septiembre 2020 10:09"},"featured_img_caption":"","featured_img":false,"series_order":"","_links":{"self":[{"href":"https:\/\/comtec1.de\/es\/wp-json\/wp\/v2\/pages\/398","targetHints":{"allow":["GET"]}}],"collection":[{"href":"https:\/\/comtec1.de\/es\/wp-json\/wp\/v2\/pages"}],"about":[{"href":"https:\/\/comtec1.de\/es\/wp-json\/wp\/v2\/types\/page"}],"author":[{"embeddable":true,"href":"https:\/\/comtec1.de\/es\/wp-json\/wp\/v2\/users\/1"}],"replies":[{"embeddable":true,"href":"https:\/\/comtec1.de\/es\/wp-json\/wp\/v2\/comments?post=398"}],"version-history":[{"count":63,"href":"https:\/\/comtec1.de\/es\/wp-json\/wp\/v2\/pages\/398\/revisions"}],"predecessor-version":[{"id":1075,"href":"https:\/\/comtec1.de\/es\/wp-json\/wp\/v2\/pages\/398\/revisions\/1075"}],"up":[{"embeddable":true,"href":"https:\/\/comtec1.de\/es\/wp-json\/wp\/v2\/pages\/292"}],"wp:attachment":[{"href":"https:\/\/comtec1.de\/es\/wp-json\/wp\/v2\/media?parent=398"}],"curies":[{"name":"wp","href":"https:\/\/api.w.org\/{rel}","templated":true}]}}