{"id":400,"date":"2020-08-29T13:48:30","date_gmt":"2020-08-29T11:48:30","guid":{"rendered":"https:\/\/comtec1.de\/es\/?page_id=400"},"modified":"2020-10-01T17:29:56","modified_gmt":"2020-10-01T15:29:56","slug":"mangas-de-cable","status":"publish","type":"page","link":"https:\/\/comtec1.de\/es\/producto\/mangas-de-cable\/mangas-de-cable\/","title":{"rendered":"Mangas de Cable KM1 a KM3"},"content":{"rendered":"\n<div class=\"gb-container gb-container-f923435f alignfull\"><div class=\"gb-inside-container\">\n<h2 class=\"gb-headline gb-headline-e09aa08a  animated fadeInLeft duration5\">Mangas de Cable KM1 a KM3<\/h2>\n\n\n\n<div class=\"gb-button-wrapper gb-button-wrapper-4818ebfb\">\n<a class=\"gb-button gb-button-27c67538  animated fadeInLeft duration5\" target=\"_blank\" rel=\"nofollow noopener noreferrer sponsored\"><span class=\"gb-icon\"><svg xmlns=\"http:\/\/www.w3.org\/2000\/svg\" viewBox=\"0 0 512 512\" width=\"1em\" height=\"1em\" aria-hidden=\"true\"><path d=\"M493.4 24.6l-104-24c-11.3-2.6-22.9 3.3-27.5 13.9l-48 112c-4.2 9.8-1.4 21.3 6.9 28l60.6 49.6c-36 76.7-98.9 140.5-177.2 177.2l-49.6-60.6c-6.8-8.3-18.2-11.1-28-6.9l-112 48C3.9 366.5-2 378.1.6 389.4l24 104C27.1 504.2 36.7 512 48 512c256.1 0 464-207.5 464-464 0-11.2-7.7-20.9-18.6-23.4z\" fill=\"currentColor\"><\/path><\/svg><\/span><span class=\"button-text\">+49 421 565 430<\/span><\/a>\n<\/div>\n<\/div><\/div>\n\n\n\n<div class=\"gb-grid-wrapper gb-grid-wrapper-71d17291\">\n<div class=\"gb-grid-column gb-grid-column-11e4409d\"><div class=\"gb-container gb-container-11e4409d\"><div class=\"gb-inside-container\">\n<h2 class=\"gb-headline gb-headline-a8487f13 borderheadline\">Mangas de Cable KM1 a KM3<\/h2>\n<\/div><\/div><\/div>\n\n\n\n<div class=\"gb-grid-column gb-grid-column-6cc949a2\"><div class=\"gb-container gb-container-6cc949a2\"><div class=\"gb-inside-container\">\n<p>Estos cierres para cables son un tipo de cierres de bucle con entrada y salida en un lado. Las piezas de la carcasa son de un material pl\u00e1stico a prueba de roturas y golpes y est\u00e1n rellenas con un material de alta fluidez resistente al paso del tiempo y capaz de resistir una tensi\u00f3n de hasta 15 KV.<\/p>\n\n\n\n<p>El empleo de estos cierres es muy sencillo: una vez introducido el empalme en el cierre para cables, al ensamblar el cierre, el gel colocado de forma inclinada en el interior se desliza hacia la entrada o hacia la salida del cierre, rodeando todo el empalme de forma que quede seguro y protegido de la humedad. Los cierres para cables de KM0 a KM3 se pueden cerrar y volver a abrir sin herramientas especiales y tambi\u00e9n se pueden colgar o atornillar de forma segura con el material de fijaci\u00f3n incluido.<\/p>\n\n\n\n<p>Tambi\u00e9n pueden quedarse sin problemas en el suelo, ya que tanto la carcasa como el relleno de este juego para cables son respetuosos con el medio ambiente y no est\u00e1n sujetos al Decreto sobre sustancias peligrosas.<\/p>\n<\/div><\/div><\/div>\n<\/div>\n\n\n\n<div class=\"gb-container gb-container-1022ffe5 alignfull\"><div class=\"gb-inside-container\">\n<div class=\"wp-block-media-text alignwide is-stacked-on-mobile is-vertically-aligned-top has-animator\" data-anim-from=\"center\" data-anim-duration=\"2\" data-anim-distance=\"50\" data-anim-scale-x=\"1.05\" data-anim-scale-y=\"1\" data-anim-easing=\"easeInOut\" data-anim-effect=\"Cubic\"><figure class=\"wp-block-media-text__media\"><img loading=\"lazy\" decoding=\"async\" width=\"600\" height=\"400\" src=\"https:\/\/comtec1.de\/es\/wp-content\/uploads\/sites\/3\/2020\/08\/km_1bis3.jpg\" alt=\"\" class=\"wp-image-485\" srcset=\"https:\/\/comtec1.de\/es\/wp-content\/uploads\/sites\/3\/2020\/08\/km_1bis3.jpg 600w, https:\/\/comtec1.de\/es\/wp-content\/uploads\/sites\/3\/2020\/08\/km_1bis3-300x200.jpg 300w\" sizes=\"auto, (max-width: 600px) 100vw, 600px\" \/><\/figure><div class=\"wp-block-media-text__content\">\n<p class=\"borderheadline has-large-font-size\">Modelos:<\/p>\n\n\n\n<p class=\"has-custom-weight has-custom-weight\" style=\"font-weight:500\"><span style=\"color: #fe7310;\" class=\"kioken-highlight\">Version  |  Di\u00e1metro del cable  |  Hilos dobles<\/span><\/p>\n\n\n\n<p>KM1 hasta 7mm aprox. 5 DA<br>KM2 hasta 9mm aprox. 10 DA<br>KM3 hasta 19mm aprox. 70 DA<\/p>\n\n\n\n<p>Opcionalmente, tambi\u00e9n suministramos estos juegos con conectores para conductores individuales en diversos modelos (rellenos\/sin rellenar, etc.), as\u00ed como otros accesorios conforme a sus preferencias.<\/p>\n<\/div><\/div>\n<\/div><\/div>\n\n\n\n<div style=\"height:100px\" aria-hidden=\"true\" class=\"wp-block-spacer\"><\/div>\n\n\n\n<h2 class=\"gb-headline gb-headline-6a9fe115 borderheadline\">Los cierres para cables de KM1 a KM3<br\/><\/h2>\n\n\n\n<div class=\"wp-block-columns aufzaehlung is-layout-flex wp-container-core-columns-is-layout-9d6595d7 wp-block-columns-is-layout-flex\">\n<div class=\"wp-block-column is-layout-flow wp-block-column-is-layout-flow\" style=\"flex-basis:5%\">\n<div class=\"wp-block-kioken-icon kt-svg-icons kt-svg-icons_21d022-e4 aligncenter animated bounceInLeft delay3 duration6 eds-on-scroll\" style=\"text-align:center\"><div class=\"kt-svg-style-default kt-svg-icon-wrap kt-svg-item-0\"><div style=\"display:inline-flex;justify-content:center;align-items:center;color:#fe7310\" class=\"kt-svg-icon kt-svg-icon-fe_check\"><svg viewbox=\"0 0 24 24\" height=\"34\" width=\"34\" fill=\"none\" stroke=\"currentColor\" stroke-width=\"2\" stroke-linecap=\"round\" stroke-linejoin=\"round\" xmlns=\"http:\/\/www.w3.org\/2000\/svg\" style=\"fill:none;display:inline-block;vertical-align:middle\" role=\"img\" aria-hidden=\"true\"><polyline points=\"20 6 9 17 4 12\"><\/polyline><\/svg><\/div><\/div><\/div>\n<\/div>\n\n\n\n<div class=\"wp-block-column is-layout-flow wp-block-column-is-layout-flow\">\n<p class=\"has-text-color has-custom-size\" style=\"color:#fe7310;font-size:24px\">rentables<\/p>\n<\/div>\n<\/div>\n\n\n\n<div class=\"wp-block-columns aufzaehlung is-layout-flex wp-container-core-columns-is-layout-9d6595d7 wp-block-columns-is-layout-flex\">\n<div class=\"wp-block-column is-layout-flow wp-block-column-is-layout-flow\" style=\"flex-basis:5%\">\n<div class=\"wp-block-kioken-icon kt-svg-icons kt-svg-icons_f1792c-bc aligncenter animated bounceInLeft delay5 duration6 eds-on-scroll\" style=\"text-align:center\"><div class=\"kt-svg-style-default kt-svg-icon-wrap kt-svg-item-0\"><div style=\"display:inline-flex;justify-content:center;align-items:center;color:#fe7310\" class=\"kt-svg-icon kt-svg-icon-fe_check\"><svg viewbox=\"0 0 24 24\" height=\"34\" width=\"34\" fill=\"none\" stroke=\"currentColor\" stroke-width=\"2\" stroke-linecap=\"round\" stroke-linejoin=\"round\" xmlns=\"http:\/\/www.w3.org\/2000\/svg\" style=\"fill:none;display:inline-block;vertical-align:middle\" role=\"img\" aria-hidden=\"true\"><polyline points=\"20 6 9 17 4 12\"><\/polyline><\/svg><\/div><\/div><\/div>\n<\/div>\n\n\n\n<div class=\"wp-block-column is-layout-flow wp-block-column-is-layout-flow\">\n<p class=\"has-text-color has-custom-size\" style=\"color:#fe7310;font-size:24px\">Manejo t\u00e9cnico seguro<\/p>\n<\/div>\n<\/div>\n\n\n\n<div class=\"wp-block-columns aufzaehlung is-layout-flex wp-container-core-columns-is-layout-9d6595d7 wp-block-columns-is-layout-flex\">\n<div class=\"wp-block-column is-layout-flow wp-block-column-is-layout-flow\" style=\"flex-basis:5%\">\n<div class=\"wp-block-kioken-icon kt-svg-icons kt-svg-icons_fe44d5-22 aligncenter animated bounceInLeft delay7 duration6 eds-on-scroll\" style=\"text-align:center\"><div class=\"kt-svg-style-default kt-svg-icon-wrap kt-svg-item-0\"><div style=\"display:inline-flex;justify-content:center;align-items:center;color:#fe7310\" class=\"kt-svg-icon kt-svg-icon-fe_check\"><svg viewbox=\"0 0 24 24\" height=\"34\" width=\"34\" fill=\"none\" stroke=\"currentColor\" stroke-width=\"2\" stroke-linecap=\"round\" stroke-linejoin=\"round\" xmlns=\"http:\/\/www.w3.org\/2000\/svg\" style=\"fill:none;display:inline-block;vertical-align:middle\" role=\"img\" aria-hidden=\"true\"><polyline points=\"20 6 9 17 4 12\"><\/polyline><\/svg><\/div><\/div><\/div>\n<\/div>\n\n\n\n<div class=\"wp-block-column is-layout-flow wp-block-column-is-layout-flow\">\n<p class=\"has-text-color has-custom-size\" style=\"color:#fe7310;font-size:24px\">Instalaci\u00f3n sencilla y sin complicaciones<\/p>\n<\/div>\n<\/div>\n\n\n\n<div style=\"height:20px\" aria-hidden=\"true\" class=\"wp-block-spacer\"><\/div>\n\n\n\n<div class=\"wp-block-file\"><a href=\"https:\/\/comtec1.de\/en\/wp-content\/uploads\/sites\/2\/2020\/10\/kabelmuffen_1bis3_english.pdf\" target=\"_blank\" rel=\"noreferrer noopener\">Informaciones adicional<\/a><a href=\"https:\/\/comtec1.de\/en\/wp-content\/uploads\/sites\/2\/2020\/10\/kabelmuffen_1bis3_english.pdf\" class=\"wp-block-file__button\" download>download<\/a><\/div>\n","protected":false},"excerpt":{"rendered":"<p>Mangas de Cable KM1 a KM3 Modelos: Version | Di\u00e1metro del cable | Hilos dobles KM1 hasta 7mm aprox. 5 DAKM2 hasta 9mm aprox. 10 DAKM3 hasta 19mm aprox. 70 DA Opcionalmente, tambi\u00e9n suministramos estos juegos con conectores para conductores individuales en diversos modelos (rellenos\/sin rellenar, etc.), as\u00ed como otros accesorios conforme a sus preferencias. &#8230; <a title=\"Mangas de Cable KM1 a KM3\" class=\"read-more\" href=\"https:\/\/comtec1.de\/es\/producto\/mangas-de-cable\/mangas-de-cable\/\" aria-label=\"Leer m\u00e1s sobre Mangas de Cable KM1 a KM3\">Leer m\u00e1s<\/a><\/p>\n","protected":false},"author":1,"featured_media":0,"parent":929,"menu_order":0,"comment_status":"closed","ping_status":"closed","template":"","meta":{"advgb_blocks_editor_width":"","advgb_blocks_columns_visual_guide":"","kk_blocks_editor_width":"","_kiokenblocks_attr":"","_kiokenblocks_dimensions":"","_coblocks_attr":"","_coblocks_dimensions":"","_coblocks_responsive_height":"","_coblocks_accordion_ie_support":"","footnotes":""},"class_list":["post-400","page","type-page","status-publish"],"coauthors":[],"author_meta":{"author_link":"https:\/\/comtec1.de\/es\/blog\/author\/admina\/","display_name":"admina"},"relative_dates":{"created":"Publicado 6 a\u00f1os hace","modified":"Actualizado 6 a\u00f1os hace"},"absolute_dates":{"created":"Publicado el 29. agosto 2020","modified":"Actualizado el 1. octubre 2020"},"absolute_dates_time":{"created":"Publicado el 29. agosto 2020 13:48","modified":"Actualizado el 1. octubre 2020 17:29"},"featured_img_caption":"","featured_img":false,"series_order":"","_links":{"self":[{"href":"https:\/\/comtec1.de\/es\/wp-json\/wp\/v2\/pages\/400","targetHints":{"allow":["GET"]}}],"collection":[{"href":"https:\/\/comtec1.de\/es\/wp-json\/wp\/v2\/pages"}],"about":[{"href":"https:\/\/comtec1.de\/es\/wp-json\/wp\/v2\/types\/page"}],"author":[{"embeddable":true,"href":"https:\/\/comtec1.de\/es\/wp-json\/wp\/v2\/users\/1"}],"replies":[{"embeddable":true,"href":"https:\/\/comtec1.de\/es\/wp-json\/wp\/v2\/comments?post=400"}],"version-history":[{"count":114,"href":"https:\/\/comtec1.de\/es\/wp-json\/wp\/v2\/pages\/400\/revisions"}],"predecessor-version":[{"id":1110,"href":"https:\/\/comtec1.de\/es\/wp-json\/wp\/v2\/pages\/400\/revisions\/1110"}],"up":[{"embeddable":true,"href":"https:\/\/comtec1.de\/es\/wp-json\/wp\/v2\/pages\/929"}],"wp:attachment":[{"href":"https:\/\/comtec1.de\/es\/wp-json\/wp\/v2\/media?parent=400"}],"curies":[{"name":"wp","href":"https:\/\/api.w.org\/{rel}","templated":true}]}}