{"id":404,"date":"2020-08-29T13:50:58","date_gmt":"2020-08-29T11:50:58","guid":{"rendered":"https:\/\/comtec1.de\/es\/?page_id=404"},"modified":"2020-09-27T10:45:41","modified_gmt":"2020-09-27T08:45:41","slug":"conjuntos-de-mangas-retractiles","status":"publish","type":"page","link":"https:\/\/comtec1.de\/es\/producto\/mangas-de-cable\/conjuntos-de-mangas-retractiles\/","title":{"rendered":"conjuntos de mangas retr\u00e1ctiles"},"content":{"rendered":"\n<div class=\"gb-container gb-container-41f763ee alignfull\"><div class=\"gb-inside-container\">\n<h2 class=\"gb-headline gb-headline-282e6adf  animated fadeInLeft duration5\">Mangas retr\u00e1ctiles, tipo: VASS ff. y SVSM ff.<\/h2>\n\n\n\n<div class=\"gb-button-wrapper gb-button-wrapper-53090bac\">\n<a class=\"gb-button gb-button-3de3619c  animated fadeInLeft duration5\" target=\"_blank\" rel=\"nofollow noopener noreferrer sponsored\"><span class=\"gb-icon\"><svg xmlns=\"http:\/\/www.w3.org\/2000\/svg\" viewBox=\"0 0 512 512\" width=\"1em\" height=\"1em\" aria-hidden=\"true\"><path d=\"M493.4 24.6l-104-24c-11.3-2.6-22.9 3.3-27.5 13.9l-48 112c-4.2 9.8-1.4 21.3 6.9 28l60.6 49.6c-36 76.7-98.9 140.5-177.2 177.2l-49.6-60.6c-6.8-8.3-18.2-11.1-28-6.9l-112 48C3.9 366.5-2 378.1.6 389.4l24 104C27.1 504.2 36.7 512 48 512c256.1 0 464-207.5 464-464 0-11.2-7.7-20.9-18.6-23.4z\" fill=\"currentColor\"><\/path><\/svg><\/span><span class=\"button-text\">+49 421 565 430<\/span><\/a>\n<\/div>\n<\/div><\/div>\n\n\n\n<div class=\"gb-grid-wrapper gb-grid-wrapper-6dd39153 schatten\">\n<div class=\"gb-grid-column gb-grid-column-a301f82c\"><div class=\"gb-container gb-container-a301f82c\"><div class=\"gb-inside-container\">\n<h2 class=\"gb-headline gb-headline-10bc4a66 borderheadline\">Mangas retr\u00e1ctiles, tipo: VASS ff. y SVSM ff.<\/h2>\n\n\n\n<p>Ofrecemos juegos de mangas retr\u00e1ctiles en el campo de la tecnolog\u00eda de la se\u00f1alizaci\u00f3n, equipados de acuerdo con las directrices y especificaciones de la DB, de modo que se garantice que todos los componentes necesarios est\u00e9n disponibles en la obra en la cantidad requerida. Ah\u00f3rrese mucho esfuerzo administrativo en el \u00e1rea de compras, suministramos todo de una sola fuente, comenzando con los accesorios de encogimiento hasta el m\u00e1s peque\u00f1o componente individual! <\/p>\n\n\n\n<p>Estaremos encantados de ampliar y modificar nuestros conjuntos seg\u00fan sus deseos y necesidades. Aproveche nuestros muchos a\u00f1os de experiencia.<\/p>\n<\/div><\/div><\/div>\n\n\n\n<div class=\"gb-grid-column gb-grid-column-0b7e429e\"><div class=\"gb-container gb-container-0b7e429e\"><div class=\"gb-inside-container\">\n<div class=\"wp-block-kioken-imagebox text-align-none has-custom-w kt-imagebox__8dbda9-3c\" data-tilt-max=\"15\" style=\"max-width:600px;background-color:#e0eef7\"><div class=\"overflow-hidden box-wrap\"><div class=\"wp-block-kioken-imagebox__inner pos-abs-zeropos kt_flex_justifystart\"><div class=\"the-content\"><div class=\"wp-block-kioken-imagebox__masked\"><p>Abb. zeigt DB-konforme Konfiguration<\/p><\/div><\/div><\/div><div class=\"overflow-hidden imgwrap\"><img loading=\"lazy\" decoding=\"async\" width=\"400\" height=\"314\" src=\"https:\/\/comtec1.de\/es\/wp-content\/uploads\/sites\/3\/2020\/09\/Muffe-VASS.jpg\" class=\"wp-image-719 wp-block-kioken-imagebox__img\" srcset=\"https:\/\/comtec1.de\/es\/wp-content\/uploads\/sites\/3\/2020\/09\/Muffe-VASS.jpg 400w, https:\/\/comtec1.de\/es\/wp-content\/uploads\/sites\/3\/2020\/09\/Muffe-VASS-300x236.jpg 300w\" sizes=\"auto, (max-width: 400px) 100vw, 400px\" \/><\/div><\/div><\/div>\n<\/div><\/div><\/div>\n<\/div>\n","protected":false},"excerpt":{"rendered":"<p>Mangas retr\u00e1ctiles, tipo: VASS ff. y SVSM ff.<\/p>\n","protected":false},"author":1,"featured_media":0,"parent":929,"menu_order":0,"comment_status":"closed","ping_status":"closed","template":"","meta":{"advgb_blocks_editor_width":"","advgb_blocks_columns_visual_guide":"","kk_blocks_editor_width":"","_kiokenblocks_attr":"","_kiokenblocks_dimensions":"","_coblocks_attr":"","_coblocks_dimensions":"","_coblocks_responsive_height":"","_coblocks_accordion_ie_support":"","footnotes":""},"class_list":["post-404","page","type-page","status-publish"],"coauthors":[],"author_meta":{"author_link":"https:\/\/comtec1.de\/es\/blog\/author\/admina\/","display_name":"admina"},"relative_dates":{"created":"Publicado 6 a\u00f1os hace","modified":"Actualizado 6 a\u00f1os hace"},"absolute_dates":{"created":"Publicado el 29. agosto 2020","modified":"Actualizado el 27. septiembre 2020"},"absolute_dates_time":{"created":"Publicado el 29. agosto 2020 13:50","modified":"Actualizado el 27. septiembre 2020 10:45"},"featured_img_caption":"","featured_img":false,"series_order":"","_links":{"self":[{"href":"https:\/\/comtec1.de\/es\/wp-json\/wp\/v2\/pages\/404","targetHints":{"allow":["GET"]}}],"collection":[{"href":"https:\/\/comtec1.de\/es\/wp-json\/wp\/v2\/pages"}],"about":[{"href":"https:\/\/comtec1.de\/es\/wp-json\/wp\/v2\/types\/page"}],"author":[{"embeddable":true,"href":"https:\/\/comtec1.de\/es\/wp-json\/wp\/v2\/users\/1"}],"replies":[{"embeddable":true,"href":"https:\/\/comtec1.de\/es\/wp-json\/wp\/v2\/comments?post=404"}],"version-history":[{"count":26,"href":"https:\/\/comtec1.de\/es\/wp-json\/wp\/v2\/pages\/404\/revisions"}],"predecessor-version":[{"id":1060,"href":"https:\/\/comtec1.de\/es\/wp-json\/wp\/v2\/pages\/404\/revisions\/1060"}],"up":[{"embeddable":true,"href":"https:\/\/comtec1.de\/es\/wp-json\/wp\/v2\/pages\/929"}],"wp:attachment":[{"href":"https:\/\/comtec1.de\/es\/wp-json\/wp\/v2\/media?parent=404"}],"curies":[{"name":"wp","href":"https:\/\/api.w.org\/{rel}","templated":true}]}}