{"id":929,"date":"2020-09-08T12:26:33","date_gmt":"2020-09-08T10:26:33","guid":{"rendered":"https:\/\/comtec1.de\/es\/?page_id=929"},"modified":"2020-10-01T17:01:10","modified_gmt":"2020-10-01T15:01:10","slug":"mangas-de-cable","status":"publish","type":"page","link":"https:\/\/comtec1.de\/es\/producto\/mangas-de-cable\/","title":{"rendered":"Manguitos de cable"},"content":{"rendered":"\n<p><\/p>\n\n\n\n<div class=\"wp-block-media-text is-stacked-on-mobile is-vertically-aligned-center schatten\" style=\"grid-template-columns:57% auto\"><figure class=\"wp-block-media-text__media\"><img loading=\"lazy\" decoding=\"async\" width=\"600\" height=\"400\" src=\"https:\/\/comtec1.de\/es\/wp-content\/uploads\/sites\/3\/2020\/08\/km_1bis3.jpg\" alt=\"\" class=\"wp-image-485\" srcset=\"https:\/\/comtec1.de\/es\/wp-content\/uploads\/sites\/3\/2020\/08\/km_1bis3.jpg 600w, https:\/\/comtec1.de\/es\/wp-content\/uploads\/sites\/3\/2020\/08\/km_1bis3-300x200.jpg 300w\" sizes=\"auto, (max-width: 600px) 100vw, 600px\" \/><\/figure><div class=\"wp-block-media-text__content\">\n<p class=\"borderheadline has-large-font-size\">Manguitos de cable<\/p>\n\n\n\n<p>Manguitos retr\u00e1ctiles, montados individualmente (para que no falte nada en la obra) y manguitos mec\u00e1nicos en miniatura para los requisitos de instalaci\u00f3n!<\/p>\n<\/div><\/div>\n","protected":false},"excerpt":{"rendered":"<p>Manguitos de cable Manguitos retr\u00e1ctiles, montados individualmente (para que no falte nada en la obra) y manguitos mec\u00e1nicos en miniatura para los requisitos de instalaci\u00f3n!<\/p>\n","protected":false},"author":1,"featured_media":0,"parent":292,"menu_order":0,"comment_status":"closed","ping_status":"closed","template":"","meta":{"advgb_blocks_editor_width":"","advgb_blocks_columns_visual_guide":"","kk_blocks_editor_width":"","_kiokenblocks_attr":"","_kiokenblocks_dimensions":"","_coblocks_attr":"","_coblocks_dimensions":"","_coblocks_responsive_height":"","_coblocks_accordion_ie_support":"","footnotes":""},"class_list":["post-929","page","type-page","status-publish"],"coauthors":[],"author_meta":{"author_link":"https:\/\/comtec1.de\/es\/blog\/author\/admina\/","display_name":"admina"},"relative_dates":{"created":"Publicado 6 a\u00f1os hace","modified":"Actualizado 6 a\u00f1os hace"},"absolute_dates":{"created":"Publicado el 8. septiembre 2020","modified":"Actualizado el 1. octubre 2020"},"absolute_dates_time":{"created":"Publicado el 8. septiembre 2020 12:26","modified":"Actualizado el 1. octubre 2020 17:01"},"featured_img_caption":"","featured_img":false,"series_order":"","_links":{"self":[{"href":"https:\/\/comtec1.de\/es\/wp-json\/wp\/v2\/pages\/929","targetHints":{"allow":["GET"]}}],"collection":[{"href":"https:\/\/comtec1.de\/es\/wp-json\/wp\/v2\/pages"}],"about":[{"href":"https:\/\/comtec1.de\/es\/wp-json\/wp\/v2\/types\/page"}],"author":[{"embeddable":true,"href":"https:\/\/comtec1.de\/es\/wp-json\/wp\/v2\/users\/1"}],"replies":[{"embeddable":true,"href":"https:\/\/comtec1.de\/es\/wp-json\/wp\/v2\/comments?post=929"}],"version-history":[{"count":6,"href":"https:\/\/comtec1.de\/es\/wp-json\/wp\/v2\/pages\/929\/revisions"}],"predecessor-version":[{"id":1099,"href":"https:\/\/comtec1.de\/es\/wp-json\/wp\/v2\/pages\/929\/revisions\/1099"}],"up":[{"embeddable":true,"href":"https:\/\/comtec1.de\/es\/wp-json\/wp\/v2\/pages\/292"}],"wp:attachment":[{"href":"https:\/\/comtec1.de\/es\/wp-json\/wp\/v2\/media?parent=929"}],"curies":[{"name":"wp","href":"https:\/\/api.w.org\/{rel}","templated":true}]}}