{"id":93,"date":"2020-08-23T12:37:21","date_gmt":"2020-08-23T10:37:21","guid":{"rendered":"https:\/\/comtec1.de\/es\/?page_id=93"},"modified":"2025-07-18T16:11:47","modified_gmt":"2025-07-18T14:11:47","slug":"aviso-legal","status":"publish","type":"page","link":"https:\/\/comtec1.de\/es\/aviso-legal\/","title":{"rendered":"Imprenta"},"content":{"rendered":"<div class=\"gb-container gb-container-4db7a830 alignfull\"><div class=\"gb-inside-container\">\n\n<h2 class=\"gb-headline gb-headline-6cd78b90 gb-headline-text  animated fadeInLeft duration5\">Imprenta<\/h2>\n\n\n<div class=\"gb-button-wrapper gb-button-wrapper-d5954ad5\">\n\n<span class=\"gb-button gb-button-e5995d28  animated fadeInLeft duration5\" target=\"_blank\" rel=\"nofollow noopener noreferrer sponsored\"><span class=\"gb-icon\"><svg xmlns=\"http:\/\/www.w3.org\/2000\/svg\" viewBox=\"0 0 512 512\" width=\"1em\" height=\"1em\" aria-hidden=\"true\"><path d=\"M493.4 24.6l-104-24c-11.3-2.6-22.9 3.3-27.5 13.9l-48 112c-4.2 9.8-1.4 21.3 6.9 28l60.6 49.6c-36 76.7-98.9 140.5-177.2 177.2l-49.6-60.6c-6.8-8.3-18.2-11.1-28-6.9l-112 48C3.9 366.5-2 378.1.6 389.4l24 104C27.1 504.2 36.7 512 48 512c256.1 0 464-207.5 464-464 0-11.2-7.7-20.9-18.6-23.4z\" fill=\"currentColor\"><\/path><\/svg><\/span><span class=\"gb-button-text\">+49 421 565 430<\/span><\/span>\n\n<\/div>\n<\/div><\/div>\n\n\n<h2 class=\"gb-headline gb-headline-b525866c gb-headline-text borderheadline\">Informaci\u00f3n de acuerdo con el \u00a7 5 de la Ley de Telemedios \/ \u00a7 55 del Tratado de Radiodifusi\u00f3n Interestatal<br><\/h2>\n\n\n\n<h3 class=\"wp-block-heading\">Direcci\u00f3n<\/h3>\n\n\n\n<p>Comtec GmbH<br>Zeppelinstra\u00dfe 9<br>28816 Stuhr<\/p>\n\n\n\n<p>Tel.: +49 421. 565 43 0<br>Fax: 0421. 565 43 20<\/p>\n\n\n\n<p>Correo electr\u00f3nico: <a href=\"mailto:info@comtec1.de\">info@comtec1.de<\/a><br>Internet: <a href=\"http:\/\/www.comtec1.de\" data-type=\"URL\" data-id=\"www.comtec1.de\">www.comtec1.de<\/a><\/p>\n\n\n\n<p>Director General: J\u00fcrgen Striedieck<br>N\u00famero de identificaci\u00f3n fiscal DE 116633091 <br>Tribunal de registro: Tribunal local de Walsrode<br>N\u00famero de registro: HRB 110203<br><br>No estamos dispuestos ni obligados a participar en procedimientos de resoluci\u00f3n de disputas ante una junta de arbitraje de consumidores.<\/p>\n\n\n\n<h3 class=\"gb-headline gb-headline-c06d3513 gb-headline-text\">Dise\u00f1o y realizaci\u00f3n de la web<\/h3>\n\n\n\n<p>formathoch2<br>Andrea K\u00fcnzel<br>Internet. www.formathoch2.de<br>Correo electr\u00f3nico: info@formathoch2.de<\/p>\n\n\n\n<h3 class=\"wp-block-heading\"><br>Fotografien<\/h3>\n\n\n\n<p>Fotostudio P. Camnitzer<br>www.camnitzer.de<\/p>\n\n\n\n<h3 class=\"gb-headline gb-headline-0007185d gb-headline-text\">Descargo de responsabilidad<\/h3>\n\n\n\n<p>Como proveedor de servicios, somos responsables de nuestros propios contenidos en estas p\u00e1ginas de acuerdo con el \u00a7 7 P\u00e1rr. 1 de la Ley Alemana de Telemedios . Sin embargo, de acuerdo con los art\u00edculos 8 a 10 de la Ley Alemana de Telemedios, no estamos obligados, como proveedores de servicios, a supervisar la informaci\u00f3n externa transmitida o almacenada, ni a investigar las circunstancias que indiquen una actividad ilegal. Las obligaciones de eliminar o bloquear el uso de la informaci\u00f3n de acuerdo con las leyes generales no se ven afectadas. Sin embargo, la responsabilidad a este respecto s\u00f3lo es posible a partir del momento en que se tiene conocimiento de una infracci\u00f3n concreta. Si tenemos conocimiento de alguna de estas infracciones legales, eliminaremos el contenido en cuesti\u00f3n inmediatamente.<\/p>\n","protected":false},"excerpt":{"rendered":"<p>Imprenta Informaci\u00f3n de acuerdo con el \u00a7 5 de la Ley de Telemedios \/ \u00a7 55 del Tratado de Radiodifusi\u00f3n Interestatal Direcci\u00f3n Comtec GmbHZeppelinstra\u00dfe 928816 Stuhr Tel.: +49 421. 565 43 0Fax: 0421. 565 43 20 Correo electr\u00f3nico: info@comtec1.deInternet: www.comtec1.de Director General: J\u00fcrgen StriedieckN\u00famero de identificaci\u00f3n fiscal DE 116633091 Tribunal de registro: Tribunal local de &#8230; <a title=\"Imprenta\" class=\"read-more\" href=\"https:\/\/comtec1.de\/es\/aviso-legal\/\" aria-label=\"Leer m\u00e1s sobre Imprenta\">Leer m\u00e1s<\/a><\/p>\n","protected":false},"author":1,"featured_media":0,"parent":0,"menu_order":0,"comment_status":"closed","ping_status":"closed","template":"","meta":{"advgb_blocks_editor_width":"","advgb_blocks_columns_visual_guide":"","kk_blocks_editor_width":"","_kiokenblocks_attr":"","_kiokenblocks_dimensions":"","_coblocks_attr":"","_coblocks_dimensions":"","_coblocks_responsive_height":"","_coblocks_accordion_ie_support":"","footnotes":""},"class_list":["post-93","page","type-page","status-publish"],"coauthors":[],"author_meta":{"author_link":"https:\/\/comtec1.de\/es\/blog\/author\/admina\/","display_name":"admina"},"relative_dates":{"created":"Publicado 6 a\u00f1os hace","modified":"Actualizado 9 meses hace"},"absolute_dates":{"created":"Publicado el 23. agosto 2020","modified":"Actualizado el 18. julio 2025"},"absolute_dates_time":{"created":"Publicado el 23. agosto 2020 12:37","modified":"Actualizado el 18. julio 2025 16:11"},"featured_img_caption":"","featured_img":false,"series_order":"","_links":{"self":[{"href":"https:\/\/comtec1.de\/es\/wp-json\/wp\/v2\/pages\/93","targetHints":{"allow":["GET"]}}],"collection":[{"href":"https:\/\/comtec1.de\/es\/wp-json\/wp\/v2\/pages"}],"about":[{"href":"https:\/\/comtec1.de\/es\/wp-json\/wp\/v2\/types\/page"}],"author":[{"embeddable":true,"href":"https:\/\/comtec1.de\/es\/wp-json\/wp\/v2\/users\/1"}],"replies":[{"embeddable":true,"href":"https:\/\/comtec1.de\/es\/wp-json\/wp\/v2\/comments?post=93"}],"version-history":[{"count":22,"href":"https:\/\/comtec1.de\/es\/wp-json\/wp\/v2\/pages\/93\/revisions"}],"predecessor-version":[{"id":1127,"href":"https:\/\/comtec1.de\/es\/wp-json\/wp\/v2\/pages\/93\/revisions\/1127"}],"wp:attachment":[{"href":"https:\/\/comtec1.de\/es\/wp-json\/wp\/v2\/media?parent=93"}],"curies":[{"name":"wp","href":"https:\/\/api.w.org\/{rel}","templated":true}]}}